{"id":1424,"date":"2019-11-09T10:51:36","date_gmt":"2019-11-09T07:51:36","guid":{"rendered":"http:\/\/www.rosediamond.com.tr\/demo\/?post_type=product&#038;p=1424"},"modified":"2022-01-21T00:09:50","modified_gmt":"2022-01-20T21:09:50","slug":"yuzuk-3","status":"publish","type":"product","link":"https:\/\/www.rosediamond.com.tr\/en\/product\/yuzuk-3\/","title":{"rendered":"ELISHA DIAMOND RING"},"content":{"rendered":"","protected":false},"excerpt":{"rendered":"<h1><span style=\"font-size: 75%;\">Product Code: R00572<\/span><\/h1>\n<p>&nbsp;<br \/>\n18K Rose Gold, 0.50 cts G-VS Diamonds<\/p>\n<p><em>* Her par\u00e7a \u00f6zel ve el yap\u0131m\u0131 oldu\u011fundan karat a\u011f\u0131rl\u0131\u011f\u0131 biraz<\/em><em style=\"color: #555555; font-size: 14.4px;\">&nbsp;de\u011fi\u015febilir. Bu nedenle, l\u00fctfen fiyatland\u0131rma i\u00e7in bizimle ileti\u015fime ge\u00e7in.<\/em><\/p>\n<a href=\"http:\/\/www.rosediamond.com.tr\/en\/demo\/yuzuk_olcusu\/\" class=\"button primary is-primary is-medium\"  >\n    <span>Size Guide<\/span>\n  <\/a>","protected":false},"featured_media":2365,"comment_status":"open","ping_status":"closed","template":"","meta":[],"product_cat":[139,73,63,55],"product_tag":[],"_links":{"self":[{"href":"https:\/\/www.rosediamond.com.tr\/en\/wp-json\/wp\/v2\/product\/1424"}],"collection":[{"href":"https:\/\/www.rosediamond.com.tr\/en\/wp-json\/wp\/v2\/product"}],"about":[{"href":"https:\/\/www.rosediamond.com.tr\/en\/wp-json\/wp\/v2\/types\/product"}],"replies":[{"embeddable":true,"href":"https:\/\/www.rosediamond.com.tr\/en\/wp-json\/wp\/v2\/comments?post=1424"}],"wp:featuredmedia":[{"embeddable":true,"href":"https:\/\/www.rosediamond.com.tr\/en\/wp-json\/wp\/v2\/media\/2365"}],"wp:attachment":[{"href":"https:\/\/www.rosediamond.com.tr\/en\/wp-json\/wp\/v2\/media?parent=1424"}],"wp:term":[{"taxonomy":"product_cat","embeddable":true,"href":"https:\/\/www.rosediamond.com.tr\/en\/wp-json\/wp\/v2\/product_cat?post=1424"},{"taxonomy":"product_tag","embeddable":true,"href":"https:\/\/www.rosediamond.com.tr\/en\/wp-json\/wp\/v2\/product_tag?post=1424"}],"curies":[{"name":"wp","href":"https:\/\/api.w.org\/{rel}","templated":true}]}}