{"id":2130,"date":"2021-03-16T00:15:44","date_gmt":"2021-03-15T21:15:44","guid":{"rendered":"https:\/\/www.rosediamond.com.tr\/?post_type=product&#038;p=2130"},"modified":"2022-01-19T12:05:22","modified_gmt":"2022-01-19T09:05:22","slug":"melanie-ring","status":"publish","type":"product","link":"https:\/\/www.rosediamond.com.tr\/en\/product\/melanie-ring\/","title":{"rendered":"MELANIE DIAMOND &#038; SAPPIRE RING"},"content":{"rendered":"","protected":false},"excerpt":{"rendered":"<h1><span style=\"font-size: 75%;\">Product Code: R00168<\/span><\/h1>\n<p>&nbsp;<br \/>\n18K White Gold, 0.57 cts G-VS Diamonds, 4.54 ct Sappire <\/p>\n<p><em>* Her par\u00e7a \u00f6zel ve el yap\u0131m\u0131 oldu\u011fundan karat a\u011f\u0131rl\u0131\u011f\u0131 biraz<\/em><em style=\"color: #555555; font-size: 14.4px;\">&nbsp;de\u011fi\u015febilir. Bu nedenle, l\u00fctfen fiyatland\u0131rma i\u00e7in bizimle ileti\u015fime ge\u00e7in.<\/em><\/p>\n<a href=\"http:\/\/www.rosediamond.com.tr\/en\/demo\/yuzuk_olcusu\/\" class=\"button primary is-primary is-medium\"  >\n    <span>Size Guide<\/span>\n  <\/a>","protected":false},"featured_media":2175,"comment_status":"closed","ping_status":"closed","template":"","meta":[],"product_cat":[140,73,63,64,55,62],"product_tag":[],"_links":{"self":[{"href":"https:\/\/www.rosediamond.com.tr\/en\/wp-json\/wp\/v2\/product\/2130"}],"collection":[{"href":"https:\/\/www.rosediamond.com.tr\/en\/wp-json\/wp\/v2\/product"}],"about":[{"href":"https:\/\/www.rosediamond.com.tr\/en\/wp-json\/wp\/v2\/types\/product"}],"replies":[{"embeddable":true,"href":"https:\/\/www.rosediamond.com.tr\/en\/wp-json\/wp\/v2\/comments?post=2130"}],"wp:featuredmedia":[{"embeddable":true,"href":"https:\/\/www.rosediamond.com.tr\/en\/wp-json\/wp\/v2\/media\/2175"}],"wp:attachment":[{"href":"https:\/\/www.rosediamond.com.tr\/en\/wp-json\/wp\/v2\/media?parent=2130"}],"wp:term":[{"taxonomy":"product_cat","embeddable":true,"href":"https:\/\/www.rosediamond.com.tr\/en\/wp-json\/wp\/v2\/product_cat?post=2130"},{"taxonomy":"product_tag","embeddable":true,"href":"https:\/\/www.rosediamond.com.tr\/en\/wp-json\/wp\/v2\/product_tag?post=2130"}],"curies":[{"name":"wp","href":"https:\/\/api.w.org\/{rel}","templated":true}]}}