{"id":2136,"date":"2021-03-16T00:36:56","date_gmt":"2021-03-15T21:36:56","guid":{"rendered":"https:\/\/www.rosediamond.com.tr\/?post_type=product&#038;p=2136"},"modified":"2022-01-19T14:21:56","modified_gmt":"2022-01-19T11:21:56","slug":"zoe-bracelet","status":"publish","type":"product","link":"https:\/\/www.rosediamond.com.tr\/en\/product\/zoe-bracelet\/","title":{"rendered":"ZOE DIAMOND BRACELET"},"content":{"rendered":"","protected":false},"excerpt":{"rendered":"<h1><span style=\"font-size: 75%;\">Product Code: R00192<\/span><\/h1>\n<p>&nbsp;<br \/>\n18K Rose Gold, 0.38 cts G-VS Diamonds<\/p>\n<p><em>* Her par\u00e7a \u00f6zel ve el yap\u0131m\u0131 oldu\u011fundan karat a\u011f\u0131rl\u0131\u011f\u0131 biraz<\/em><em style=\"color: #555555; font-size: 14.4px;\">&nbsp;de\u011fi\u015febilir. Bu nedenle, l\u00fctfen fiyatland\u0131rma i\u00e7in bizimle ileti\u015fime ge\u00e7in.<\/em><\/p>","protected":false},"featured_media":2416,"comment_status":"closed","ping_status":"closed","template":"","meta":[],"product_cat":[136,63,64,65,62],"product_tag":[],"_links":{"self":[{"href":"https:\/\/www.rosediamond.com.tr\/en\/wp-json\/wp\/v2\/product\/2136"}],"collection":[{"href":"https:\/\/www.rosediamond.com.tr\/en\/wp-json\/wp\/v2\/product"}],"about":[{"href":"https:\/\/www.rosediamond.com.tr\/en\/wp-json\/wp\/v2\/types\/product"}],"replies":[{"embeddable":true,"href":"https:\/\/www.rosediamond.com.tr\/en\/wp-json\/wp\/v2\/comments?post=2136"}],"wp:featuredmedia":[{"embeddable":true,"href":"https:\/\/www.rosediamond.com.tr\/en\/wp-json\/wp\/v2\/media\/2416"}],"wp:attachment":[{"href":"https:\/\/www.rosediamond.com.tr\/en\/wp-json\/wp\/v2\/media?parent=2136"}],"wp:term":[{"taxonomy":"product_cat","embeddable":true,"href":"https:\/\/www.rosediamond.com.tr\/en\/wp-json\/wp\/v2\/product_cat?post=2136"},{"taxonomy":"product_tag","embeddable":true,"href":"https:\/\/www.rosediamond.com.tr\/en\/wp-json\/wp\/v2\/product_tag?post=2136"}],"curies":[{"name":"wp","href":"https:\/\/api.w.org\/{rel}","templated":true}]}}