{"id":2280,"date":"2021-03-23T14:30:05","date_gmt":"2021-03-23T11:30:05","guid":{"rendered":"https:\/\/www.rosediamond.com.tr\/?post_type=product&#038;p=2280"},"modified":"2022-01-19T12:21:53","modified_gmt":"2022-01-19T09:21:53","slug":"path-diamond-pendant","status":"publish","type":"product","link":"https:\/\/www.rosediamond.com.tr\/en\/product\/path-diamond-pendant\/","title":{"rendered":"PETITE PATH DIAMOND NECKLACE"},"content":{"rendered":"","protected":false},"excerpt":{"rendered":"<h1><span style=\"font-size: 75%;\">Product Code: R00301<\/span><\/h1>\n<p>&nbsp;<br \/>\n18K Rose Gold, 0.23 cts G-VS Diamonds<\/p>\n<p><em>* Her par\u00e7a \u00f6zel ve el yap\u0131m\u0131 oldu\u011fundan karat a\u011f\u0131rl\u0131\u011f\u0131 biraz<\/em><em style=\"color: #555555; font-size: 14.4px;\">&nbsp;de\u011fi\u015febilir. Bu nedenle, l\u00fctfen fiyatland\u0131rma i\u00e7in bizimle ileti\u015fime ge\u00e7in.<\/em><\/p>","protected":false},"featured_media":2283,"comment_status":"closed","ping_status":"closed","template":"","meta":[],"product_cat":[136,63,64,66],"product_tag":[],"_links":{"self":[{"href":"https:\/\/www.rosediamond.com.tr\/en\/wp-json\/wp\/v2\/product\/2280"}],"collection":[{"href":"https:\/\/www.rosediamond.com.tr\/en\/wp-json\/wp\/v2\/product"}],"about":[{"href":"https:\/\/www.rosediamond.com.tr\/en\/wp-json\/wp\/v2\/types\/product"}],"replies":[{"embeddable":true,"href":"https:\/\/www.rosediamond.com.tr\/en\/wp-json\/wp\/v2\/comments?post=2280"}],"wp:featuredmedia":[{"embeddable":true,"href":"https:\/\/www.rosediamond.com.tr\/en\/wp-json\/wp\/v2\/media\/2283"}],"wp:attachment":[{"href":"https:\/\/www.rosediamond.com.tr\/en\/wp-json\/wp\/v2\/media?parent=2280"}],"wp:term":[{"taxonomy":"product_cat","embeddable":true,"href":"https:\/\/www.rosediamond.com.tr\/en\/wp-json\/wp\/v2\/product_cat?post=2280"},{"taxonomy":"product_tag","embeddable":true,"href":"https:\/\/www.rosediamond.com.tr\/en\/wp-json\/wp\/v2\/product_tag?post=2280"}],"curies":[{"name":"wp","href":"https:\/\/api.w.org\/{rel}","templated":true}]}}