{"id":2346,"date":"2021-04-05T00:17:37","date_gmt":"2021-04-04T21:17:37","guid":{"rendered":"https:\/\/www.rosediamond.com.tr\/?post_type=product&#038;p=2346"},"modified":"2022-01-19T12:05:22","modified_gmt":"2022-01-19T09:05:22","slug":"becky-diamond-ring","status":"publish","type":"product","link":"https:\/\/www.rosediamond.com.tr\/en\/product\/becky-diamond-ring\/","title":{"rendered":"PETITE BAGUETTE RING"},"content":{"rendered":"","protected":false},"excerpt":{"rendered":"<h1><span style=\"font-size: 75%;\">Product Code: R00318<\/span><\/h1>\n<p>&nbsp;<br \/>\n18K White Gold, 0.27 cts G-VS Diamonds<\/p>\n<p><em>* Her par\u00e7a \u00f6zel ve el yap\u0131m\u0131 oldu\u011fundan karat a\u011f\u0131rl\u0131\u011f\u0131 biraz<\/em><em style=\"color: #555555; font-size: 14.4px;\">&nbsp;de\u011fi\u015febilir. Bu nedenle, l\u00fctfen fiyatland\u0131rma i\u00e7in bizimle ileti\u015fime ge\u00e7in.<\/em><\/p>\n<a href=\"http:\/\/www.rosediamond.com.tr\/en\/demo\/yuzuk_olcusu\/\" class=\"button primary is-primary is-medium\"  >\n    <span>Size Guide<\/span>\n  <\/a>","protected":false},"featured_media":2555,"comment_status":"closed","ping_status":"closed","template":"","meta":[],"product_cat":[136,63,64,55],"product_tag":[],"_links":{"self":[{"href":"https:\/\/www.rosediamond.com.tr\/en\/wp-json\/wp\/v2\/product\/2346"}],"collection":[{"href":"https:\/\/www.rosediamond.com.tr\/en\/wp-json\/wp\/v2\/product"}],"about":[{"href":"https:\/\/www.rosediamond.com.tr\/en\/wp-json\/wp\/v2\/types\/product"}],"replies":[{"embeddable":true,"href":"https:\/\/www.rosediamond.com.tr\/en\/wp-json\/wp\/v2\/comments?post=2346"}],"wp:featuredmedia":[{"embeddable":true,"href":"https:\/\/www.rosediamond.com.tr\/en\/wp-json\/wp\/v2\/media\/2555"}],"wp:attachment":[{"href":"https:\/\/www.rosediamond.com.tr\/en\/wp-json\/wp\/v2\/media?parent=2346"}],"wp:term":[{"taxonomy":"product_cat","embeddable":true,"href":"https:\/\/www.rosediamond.com.tr\/en\/wp-json\/wp\/v2\/product_cat?post=2346"},{"taxonomy":"product_tag","embeddable":true,"href":"https:\/\/www.rosediamond.com.tr\/en\/wp-json\/wp\/v2\/product_tag?post=2346"}],"curies":[{"name":"wp","href":"https:\/\/api.w.org\/{rel}","templated":true}]}}